{"id":584,"date":"2024-01-31T10:55:19","date_gmt":"2024-01-31T09:55:19","guid":{"rendered":"https:\/\/www.ristorantesenafe.com\/?page_id=584"},"modified":"2024-06-13T16:19:09","modified_gmt":"2024-06-13T14:19:09","slug":"menu","status":"publish","type":"page","link":"https:\/\/www.ristorantesenafe.com\/index.php\/menu\/","title":{"rendered":"Menu | Ristorante Senafe"},"content":{"rendered":"\n<p>Il Ristorante Senafe offre un Men\u00f9 ricco di variet\u00e0 e specialit\u00e0 etniche: dal Meadi Misto, piatto tipico eritreo, alla Enjera, piatto tipico eritreo. <\/p>\n\n\n\n<p>Per coloro che conoscono questa cucina, Ristorante Senafe vi permette di gustare i sapori tipici della tradizione; per coloro che non la conoscono, Meron sapr\u00e0 aiutarvi al meglio per scegliere un piatto adatto ai vostri gusti.<\/p>\n\n\n\n<figure class=\"wp-block-image size-large\"><img loading=\"lazy\" decoding=\"async\" width=\"693\" height=\"1024\" src=\"https:\/\/www.ristorantesenafe.com\/wp-content\/uploads\/2024\/06\/WhatsApp-Image-2024-06-12-at-11.48.56-2-693x1024.jpeg\" alt=\"\" class=\"wp-image-624\" srcset=\"https:\/\/www.ristorantesenafe.com\/wp-content\/uploads\/2024\/06\/WhatsApp-Image-2024-06-12-at-11.48.56-2-693x1024.jpeg 693w, https:\/\/www.ristorantesenafe.com\/wp-content\/uploads\/2024\/06\/WhatsApp-Image-2024-06-12-at-11.48.56-2-203x300.jpeg 203w, https:\/\/www.ristorantesenafe.com\/wp-content\/uploads\/2024\/06\/WhatsApp-Image-2024-06-12-at-11.48.56-2-768x1135.jpeg 768w, https:\/\/www.ristorantesenafe.com\/wp-content\/uploads\/2024\/06\/WhatsApp-Image-2024-06-12-at-11.48.56-2-1040x1536.jpeg 1040w, https:\/\/www.ristorantesenafe.com\/wp-content\/uploads\/2024\/06\/WhatsApp-Image-2024-06-12-at-11.48.56-2.jpeg 1083w\" sizes=\"auto, (max-width: 693px) 100vw, 693px\" \/><\/figure>\n\n\n\n<figure class=\"wp-block-image size-large\"><img loading=\"lazy\" decoding=\"async\" width=\"693\" height=\"1024\" src=\"https:\/\/www.ristorantesenafe.com\/wp-content\/uploads\/2024\/06\/WhatsApp-Image-2024-06-12-at-11.49.11-2-693x1024.jpeg\" alt=\"\" class=\"wp-image-625\" srcset=\"https:\/\/www.ristorantesenafe.com\/wp-content\/uploads\/2024\/06\/WhatsApp-Image-2024-06-12-at-11.49.11-2-693x1024.jpeg 693w, https:\/\/www.ristorantesenafe.com\/wp-content\/uploads\/2024\/06\/WhatsApp-Image-2024-06-12-at-11.49.11-2-203x300.jpeg 203w, https:\/\/www.ristorantesenafe.com\/wp-content\/uploads\/2024\/06\/WhatsApp-Image-2024-06-12-at-11.49.11-2-768x1135.jpeg 768w, https:\/\/www.ristorantesenafe.com\/wp-content\/uploads\/2024\/06\/WhatsApp-Image-2024-06-12-at-11.49.11-2-1040x1536.jpeg 1040w, https:\/\/www.ristorantesenafe.com\/wp-content\/uploads\/2024\/06\/WhatsApp-Image-2024-06-12-at-11.49.11-2.jpeg 1083w\" sizes=\"auto, (max-width: 693px) 100vw, 693px\" \/><\/figure>\n\n\n\n<figure class=\"wp-block-image size-large\"><img loading=\"lazy\" decoding=\"async\" width=\"694\" height=\"1024\" src=\"https:\/\/www.ristorantesenafe.com\/wp-content\/uploads\/2024\/06\/WhatsApp-Image-2024-06-12-at-11.49.34-3-694x1024.jpeg\" alt=\"\" class=\"wp-image-626\" srcset=\"https:\/\/www.ristorantesenafe.com\/wp-content\/uploads\/2024\/06\/WhatsApp-Image-2024-06-12-at-11.49.34-3-694x1024.jpeg 694w, https:\/\/www.ristorantesenafe.com\/wp-content\/uploads\/2024\/06\/WhatsApp-Image-2024-06-12-at-11.49.34-3-203x300.jpeg 203w, https:\/\/www.ristorantesenafe.com\/wp-content\/uploads\/2024\/06\/WhatsApp-Image-2024-06-12-at-11.49.34-3-768x1134.jpeg 768w, https:\/\/www.ristorantesenafe.com\/wp-content\/uploads\/2024\/06\/WhatsApp-Image-2024-06-12-at-11.49.34-3-1041x1536.jpeg 1041w, https:\/\/www.ristorantesenafe.com\/wp-content\/uploads\/2024\/06\/WhatsApp-Image-2024-06-12-at-11.49.34-3.jpeg 1084w\" sizes=\"auto, (max-width: 694px) 100vw, 694px\" \/><\/figure>\n\n\n\n<figure class=\"wp-block-image size-large\"><img loading=\"lazy\" decoding=\"async\" width=\"694\" height=\"1024\" src=\"https:\/\/www.ristorantesenafe.com\/wp-content\/uploads\/2024\/06\/WhatsApp-Image-2024-06-12-at-11.49.34-1-2-694x1024.jpeg\" alt=\"\" class=\"wp-image-628\" srcset=\"https:\/\/www.ristorantesenafe.com\/wp-content\/uploads\/2024\/06\/WhatsApp-Image-2024-06-12-at-11.49.34-1-2-694x1024.jpeg 694w, https:\/\/www.ristorantesenafe.com\/wp-content\/uploads\/2024\/06\/WhatsApp-Image-2024-06-12-at-11.49.34-1-2-203x300.jpeg 203w, https:\/\/www.ristorantesenafe.com\/wp-content\/uploads\/2024\/06\/WhatsApp-Image-2024-06-12-at-11.49.34-1-2-768x1134.jpeg 768w, https:\/\/www.ristorantesenafe.com\/wp-content\/uploads\/2024\/06\/WhatsApp-Image-2024-06-12-at-11.49.34-1-2-1041x1536.jpeg 1041w, https:\/\/www.ristorantesenafe.com\/wp-content\/uploads\/2024\/06\/WhatsApp-Image-2024-06-12-at-11.49.34-1-2.jpeg 1084w\" sizes=\"auto, (max-width: 694px) 100vw, 694px\" \/><\/figure>\n\n\n\n<figure class=\"wp-block-image size-large\"><img loading=\"lazy\" decoding=\"async\" width=\"694\" height=\"1024\" src=\"https:\/\/www.ristorantesenafe.com\/wp-content\/uploads\/2024\/06\/WhatsApp-Image-2024-06-12-at-11.49.35-3-694x1024.jpeg\" alt=\"\" class=\"wp-image-629\" srcset=\"https:\/\/www.ristorantesenafe.com\/wp-content\/uploads\/2024\/06\/WhatsApp-Image-2024-06-12-at-11.49.35-3-694x1024.jpeg 694w, https:\/\/www.ristorantesenafe.com\/wp-content\/uploads\/2024\/06\/WhatsApp-Image-2024-06-12-at-11.49.35-3-203x300.jpeg 203w, https:\/\/www.ristorantesenafe.com\/wp-content\/uploads\/2024\/06\/WhatsApp-Image-2024-06-12-at-11.49.35-3-768x1134.jpeg 768w, https:\/\/www.ristorantesenafe.com\/wp-content\/uploads\/2024\/06\/WhatsApp-Image-2024-06-12-at-11.49.35-3-1041x1536.jpeg 1041w, https:\/\/www.ristorantesenafe.com\/wp-content\/uploads\/2024\/06\/WhatsApp-Image-2024-06-12-at-11.49.35-3.jpeg 1084w\" sizes=\"auto, (max-width: 694px) 100vw, 694px\" \/><\/figure>\n\n\n\n<figure class=\"wp-block-image size-large\"><img loading=\"lazy\" decoding=\"async\" width=\"693\" height=\"1024\" src=\"https:\/\/www.ristorantesenafe.com\/wp-content\/uploads\/2024\/06\/WhatsApp-Image-2024-06-12-at-11.49.59-3-693x1024.jpeg\" alt=\"\" class=\"wp-image-630\" srcset=\"https:\/\/www.ristorantesenafe.com\/wp-content\/uploads\/2024\/06\/WhatsApp-Image-2024-06-12-at-11.49.59-3-693x1024.jpeg 693w, https:\/\/www.ristorantesenafe.com\/wp-content\/uploads\/2024\/06\/WhatsApp-Image-2024-06-12-at-11.49.59-3-203x300.jpeg 203w, https:\/\/www.ristorantesenafe.com\/wp-content\/uploads\/2024\/06\/WhatsApp-Image-2024-06-12-at-11.49.59-3-768x1135.jpeg 768w, https:\/\/www.ristorantesenafe.com\/wp-content\/uploads\/2024\/06\/WhatsApp-Image-2024-06-12-at-11.49.59-3-1040x1536.jpeg 1040w, https:\/\/www.ristorantesenafe.com\/wp-content\/uploads\/2024\/06\/WhatsApp-Image-2024-06-12-at-11.49.59-3.jpeg 1083w\" sizes=\"auto, (max-width: 693px) 100vw, 693px\" \/><\/figure>\n","protected":false},"excerpt":{"rendered":"<p>Il Ristorante Senafe offre un Men\u00f9 ricco di variet\u00e0 e specialit\u00e0 etniche: dal Meadi Misto, piatto tipico eritreo, alla Enjera, piatto tipico eritreo. Per coloro che conoscono questa cucina, Ristorante Senafe vi permette di gustare i sapori tipici della tradizione; per coloro che non la &hellip; <\/p>\n","protected":false},"author":2,"featured_media":0,"parent":0,"menu_order":0,"comment_status":"closed","ping_status":"closed","template":"","meta":{"om_disable_all_campaigns":false,"_monsterinsights_skip_tracking":false,"_monsterinsights_sitenote_active":false,"_monsterinsights_sitenote_note":"","_monsterinsights_sitenote_category":0,"footnotes":""},"class_list":["post-584","page","type-page","status-publish","hentry"],"aioseo_notices":[],"_links":{"self":[{"href":"https:\/\/www.ristorantesenafe.com\/index.php\/wp-json\/wp\/v2\/pages\/584","targetHints":{"allow":["GET"]}}],"collection":[{"href":"https:\/\/www.ristorantesenafe.com\/index.php\/wp-json\/wp\/v2\/pages"}],"about":[{"href":"https:\/\/www.ristorantesenafe.com\/index.php\/wp-json\/wp\/v2\/types\/page"}],"author":[{"embeddable":true,"href":"https:\/\/www.ristorantesenafe.com\/index.php\/wp-json\/wp\/v2\/users\/2"}],"replies":[{"embeddable":true,"href":"https:\/\/www.ristorantesenafe.com\/index.php\/wp-json\/wp\/v2\/comments?post=584"}],"version-history":[{"count":2,"href":"https:\/\/www.ristorantesenafe.com\/index.php\/wp-json\/wp\/v2\/pages\/584\/revisions"}],"predecessor-version":[{"id":631,"href":"https:\/\/www.ristorantesenafe.com\/index.php\/wp-json\/wp\/v2\/pages\/584\/revisions\/631"}],"wp:attachment":[{"href":"https:\/\/www.ristorantesenafe.com\/index.php\/wp-json\/wp\/v2\/media?parent=584"}],"curies":[{"name":"wp","href":"https:\/\/api.w.org\/{rel}","templated":true}]}}